{"id":630,"date":"2022-02-15T12:47:21","date_gmt":"2022-02-15T11:47:21","guid":{"rendered":"http:\/\/www.judosakurabraine.be\/?page_id=630"},"modified":"2023-06-25T14:51:02","modified_gmt":"2023-06-25T12:51:02","slug":"stages-ete-2022","status":"publish","type":"page","link":"https:\/\/www.judosakurabraine.be\/index.php\/stages-ete-2022\/","title":{"rendered":"Stages \u00e9t\u00e9 2023"},"content":{"rendered":"<p><strong><em><u>STAGES D&rsquo;ETE 2023<\/u><\/em><\/strong><\/p>\n<p><strong><em><u>\u00a0<\/u><\/em><\/strong><\/p>\n<p>Chers parents, chers amis judokas<\/p>\n<p>Deux stages de judo pendant les vacances d\u2019\u00e9t\u00e9 pour nos jeunes judokas <em><u>de 6 \u00e0 17 ans<\/u><\/em> seront organis\u00e9s au <strong>Dojo du Sakura Braine, rue de la Gare, n\u00b0 76<\/strong>.<\/p>\n<p>\u00a0<\/p>\n<ul>\n<li><strong>Du lundi 10 au vendredi 14 Juillet 2023<\/strong><\/li>\n<li><strong>Du lundi 21 au vendredi 25 ao\u00fbt 2023<\/strong><\/li>\n<\/ul>\n<p><em><u>\u00a0<\/u><\/em><\/p>\n<p><em><u>Initiation judo pour les 6 \u00e0 9 ans et perfectionnement judo pour les 10 \u00e0 17ans<\/u><\/em><\/p>\n<p><em><u>Activit\u00e9 VTT en compl\u00e9ment initiation et perfectionnement<\/u><\/em><\/p>\n<p>\u00a0<\/p>\n<p><strong><u>COMBIEN ???<\/u><\/strong><strong>\u00a0\u00a0\u00a0\u00a0 \u00a0 90 \u20ac<\/strong><\/p>\n<p><strong>\u00a0<\/strong><\/p>\n<p><strong>A payer en m\u00eame temps que la remise du talon ci-dessous (l\u2019inscription ne sera valable que si ces 2 r\u00e8gles sont respect\u00e9es).\u00a0 Aucun remboursement ne sera fait en cas d\u2019annulation 15 jours avant le d\u00e9but de l\u2019activit\u00e9, 50% si annulation 30 jours avant. <\/strong><\/p>\n<p><strong>\u00a0<\/strong><\/p>\n<p>Le midi, un potage sera servi aux enfants qui se muniront de leur pique-nique.\u00a0 Pr\u00e9voir un jeu de soci\u00e9t\u00e9 pour la r\u00e9cr\u00e9ation du matin.<\/p>\n<p>Les enfants seront d\u00e9pos\u00e9s pour <strong><u>9h pr\u00e9cises et repris \u00e0 16 h au dojo<\/u><\/strong>, rue de la Gare.\u00a0 En dehors de ces heures, une <strong><u>garderie sera comptabilis\u00e9e<\/u><\/strong> (inscription pr\u00e9alable obligatoire)\u00a0: <u>de 7 \u00e0 9h et de 16 \u00e0 18h<\/u> <strong><em><u>(2\u20ac par heure entam\u00e9e).<\/u><\/em><\/strong><\/p>\n<p>Pri\u00e8re de se munir de son judogi, de son pique-nique, d\u2019un jeu de soci\u00e9t\u00e9, d\u2019une tenue sportive, d\u2019un K-WAY, d\u2019un v\u00e9lo <strong>r\u00e9vis\u00e9 et en bon \u00e9tat<\/strong> <u>(qui sera d\u00e9pos\u00e9 le lundi matin et repris le vendredi en fin de stage)<\/u> avec un casque, une vareuse fluo et des chaussures de sport.<\/p>\n<p>\u00a0<\/p>\n<p><u>Les stages ne seront organis\u00e9s que s\u2019il y a au moins 10 participants\u00a0<\/u>!!!<\/p>\n<p>\u00a0<\/p>\n<p>&#8212;&#8212;&#8212;&#8212;&#8212;&#8212;&#8212;&#8212;&#8212;&#8212;&#8212;&#8212;&#8212;&#8212;&#8212;&#8212;&#8212;&#8212;&#8212;&#8212;&#8212;&#8212;&#8212;&#8212;&#8212;&#8212;&#8212;&#8212;&#8212;&#8212;&#8212;&#8212;&#8212;-<\/p>\n<p><strong>\u00a0 <u>TALON D\u2019INSCRIPTION \u00e0 remettre \u00e0 D. SAUBLEN avant le 30 juin<\/u><\/strong><\/p>\n<p>\u00a0<\/p>\n<p>NOM, PRENOM\u2026\u2026\u2026\u2026\u2026\u2026\u2026\u2026\u2026\u2026\u2026\u2026\u2026\u2026\u2026\u2026\u2026\u2026Date de naissance :\u2026\u2026\u2026.GRADE\u2026\u2026\u2026<\/p>\n<p>\u00a0<\/p>\n<p>ADRESSE\u2026\u2026\u2026\u2026\u2026\u2026\u2026\u2026\u2026\u2026\u2026\u2026\u2026\u2026\u2026\u2026\u2026\u2026\u2026\u2026\u2026\u2026\u2026\u2026\u2026TEL\u2026\u2026\u2026\u2026<\/p>\n<p>\u00a0<\/p>\n<p>Email\u00a0:\u2026\u2026\u2026\u2026\u2026\u2026\u2026\u2026\u2026\u2026\u2026\u2026\u2026\u2026\u2026\u2026\u2026\u2026\u2026\u2026\u2026\u2026\u2026\u2026\u2026\u2026\u2026\u2026\u2026\u2026\u2026\u2026.<\/p>\n<p>\u00a0<\/p>\n<p>PERSONNE A CONTACTER EN CAS D\u2019URGENCE\u2026\u2026\u2026\u2026\u2026\u2026\u2026\u2026\u2026\u2026\u2026\u2026\u2026\u2026\u2026\u2026\u2026\u2026\u2026\u2026\u2026..TEL\u2026\u2026\u2026\u2026\u2026\u2026<\/p>\n<p>\u00a0<\/p>\n<p>Num\u00e9ro d\u2019assurance familiale et compagnie\u00a0(obligatoire) : \u2026\u2026\u2026\u2026\u2026\u2026\u2026\u2026\u2026\u2026\u2026\u2026\u2026\u2026\u2026\u2026\u2026\u2026\u2026\u2026<\/p>\n<p>\u2026\u2026\u2026\u2026\u2026\u2026\u2026\u2026\u2026\u2026\u2026\u2026\u2026\u2026\u2026\u2026\u2026\u2026\u2026\u2026\u2026\u2026\u2026\u2026\u2026\u2026\u2026\u2026\u2026\u2026\u2026\u2026\u2026\u2026\u2026\u2026\u2026\u2026..<\/p>\n<p>\u00a0<\/p>\n<p>J\u2019inscris mon fils, ma fille au stage \u00a0 du\u2026\u2026\u2026\u2026\u2026au\u2026\u2026\u2026\u2026\u2026\u2026\u2026\u2026\u2026\u2026\u2026\u2026<\/p>\n<p>Garderie et horaire\u00a0: \u2026\u2026\u2026\u2026\u2026\u2026\u2026\u2026\u2026\u2026\u2026\u2026\u2026\u2026\u2026\u2026\u2026\u2026\u2026\u2026\u2026\u2026\u2026.<\/p>\n<p>\u00a0<\/p>\n<p>SIGNATURE DES PARENTS\u2026\u2026\u2026\u2026\u2026\u2026\u2026\u2026\u2026\u2026\u2026\u2026<\/p>\n\n\n<figure class=\"wp-block-image size-large\"><img loading=\"lazy\" decoding=\"async\" width=\"1024\" height=\"1024\" src=\"https:\/\/www.judosakurabraine.be\/wp-content\/uploads\/2022\/02\/adeps_fwb-1024x1024.jpg\" alt=\"\" class=\"wp-image-635\" srcset=\"https:\/\/www.judosakurabraine.be\/wp-content\/uploads\/2022\/02\/adeps_fwb-1024x1024.jpg 1024w, https:\/\/www.judosakurabraine.be\/wp-content\/uploads\/2022\/02\/adeps_fwb-300x300.jpg 300w, https:\/\/www.judosakurabraine.be\/wp-content\/uploads\/2022\/02\/adeps_fwb-150x150.jpg 150w, https:\/\/www.judosakurabraine.be\/wp-content\/uploads\/2022\/02\/adeps_fwb-1536x1536.jpg 1536w, https:\/\/www.judosakurabraine.be\/wp-content\/uploads\/2022\/02\/adeps_fwb-2048x2048.jpg 2048w\" sizes=\"auto, (max-width: 1024px) 100vw, 1024px\" \/><\/figure>\n","protected":false},"excerpt":{"rendered":"<p>STAGES D&rsquo;ETE 2023 \u00a0 Chers parents, chers amis judokas Deux stages de judo pendant les vacances d\u2019\u00e9t\u00e9 pour nos jeunes judokas de 6 \u00e0 17 ans seront organis\u00e9s au Dojo [&hellip;]<\/p>\n","protected":false},"author":3,"featured_media":0,"parent":0,"menu_order":0,"comment_status":"closed","ping_status":"closed","template":"","meta":{"footnotes":""},"class_list":["post-630","page","type-page","status-publish","hentry"],"_links":{"self":[{"href":"https:\/\/www.judosakurabraine.be\/index.php\/wp-json\/wp\/v2\/pages\/630","targetHints":{"allow":["GET"]}}],"collection":[{"href":"https:\/\/www.judosakurabraine.be\/index.php\/wp-json\/wp\/v2\/pages"}],"about":[{"href":"https:\/\/www.judosakurabraine.be\/index.php\/wp-json\/wp\/v2\/types\/page"}],"author":[{"embeddable":true,"href":"https:\/\/www.judosakurabraine.be\/index.php\/wp-json\/wp\/v2\/users\/3"}],"replies":[{"embeddable":true,"href":"https:\/\/www.judosakurabraine.be\/index.php\/wp-json\/wp\/v2\/comments?post=630"}],"version-history":[{"count":6,"href":"https:\/\/www.judosakurabraine.be\/index.php\/wp-json\/wp\/v2\/pages\/630\/revisions"}],"predecessor-version":[{"id":750,"href":"https:\/\/www.judosakurabraine.be\/index.php\/wp-json\/wp\/v2\/pages\/630\/revisions\/750"}],"wp:attachment":[{"href":"https:\/\/www.judosakurabraine.be\/index.php\/wp-json\/wp\/v2\/media?parent=630"}],"curies":[{"name":"wp","href":"https:\/\/api.w.org\/{rel}","templated":true}]}}