{"id":58,"date":"2016-04-23T12:17:28","date_gmt":"2016-04-23T10:17:28","guid":{"rendered":"http:\/\/judosaku.cluster015.ovh.net\/?page_id=58"},"modified":"2023-09-06T07:05:04","modified_gmt":"2023-09-06T05:05:04","slug":"staff-technique","status":"publish","type":"page","link":"https:\/\/www.judosakurabraine.be\/index.php\/staff-technique\/","title":{"rendered":"Staff technique"},"content":{"rendered":"<div id=\"pl-58\"  class=\"panel-layout\" ><div id=\"pg-58-0\"  class=\"panel-grid panel-no-style\" ><div id=\"pgc-58-0-0\"  class=\"panel-grid-cell\" ><div id=\"panel-58-0-0-0\" class=\"so-panel widget widget_moesia_employees moesia_employees_widget panel-first-child\" data-index=\"0\" >\n\t\t<section id=\"employees\" class=\"employees-area\">\n\t\t\t<div class=\"container\">\n\t\t\t\t<h3 class=\"widget-title\"><span class=\"wow bounce\">Directeur Technique<\/span><\/h3>\t\t\t\t\t\t\t\t\t\t\t\t\t\t<div class=\"employee col-md-4 col-sm-6 col-xs-6\">\n\t\t\t\t\t\t\t\t\t\t\t\t\t\t\t\t\t\t\t\t\t<img decoding=\"async\" class=\"employee-photo wow zoomInDown\" src=\"http:\/\/www.judosakurabraine.be\/wp-content\/uploads\/2017\/08\/Didier2023-1-scaled.jpg\" alt=\"DIDIER SAUBLEN\">\n\t\t\t\t\t\t\t\t\t\t\t\t\t\n\t\t\t\t\t\t<h4 class=\"employee-name wow fadeInUp\">DIDIER SAUBLEN<\/h4>\n\t\t\t\t\t\t\t\t\t\t\t\t\t<span class=\"employee-position wow fadeInUp\">Directeur Technique - Professeur<\/span>\n\t\t\t\t\t\t\t\t\t\t\t\t<div class=\"employee-desc wow fadeInUp\"><p>7\u00e8me Dan<br \/>\nLicenci\u00e9 en \u00e9ducation physique, agr\u00e9g\u00e9 ESS.<br \/>\nMoniteur ADEPS et post moniteur MCP<br \/>\nex-Directeur Sportif FFBJ<br \/>\nMa\u00eetre de Stage ADEPS<\/p>\n<\/div>\n\t\t\t\t\t\t\t\t\t\t\t\t\t<div class=\"employee-social wow fadeInUp\">\n\t\t\t\t\t\t\t\t\t\t\t\t\t\t\t\t\t<a href=\"https:\/\/www.facebook.com\/didier.saublen\" target=\"_blank\"><i class=\"fa fa-facebook\"><\/i><\/a>\n\t\t\t\t\t\t\t\t\t\t\t\t\t\t\t\t\t\t\t\t\t\t\t\t\t\t\t\t\t\t\t\t\t\t\t\n\t\t\t\t\t\t\t\t\t\t\t\t\t\t\t<\/div>\n\t\t\t\t\t\t\t\t\t\t\t<\/div>\n\t\t\t\t\t\t\t<\/div>\n\t\t\t\t\t\n\t\t<\/section>\n\t\t\t\t\n\t\t\n\t<\/div><div id=\"panel-58-0-0-1\" class=\"so-panel widget widget_moesia_employees moesia_employees_widget\" data-index=\"1\" >\n\t\t<section id=\"employees\" class=\"employees-area\">\n\t\t\t<div class=\"container\">\n\t\t\t\t<h3 class=\"widget-title\"><span class=\"wow bounce\">Professeurs<\/span><\/h3>\t\t\t\t\t\t\t\t\t\t\t\t\t\t<div class=\"employee col-md-4 col-sm-6 col-xs-6\">\n\t\t\t\t\t\t\t\t\t\t\t\t\t\t\t\t\t\t\t\t\t<img decoding=\"async\" class=\"employee-photo wow zoomInDown\" src=\"https:\/\/www.judosakurabraine.be\/wp-content\/uploads\/2025\/08\/BernardLange2.jpg\" alt=\"BERNARD LANGE\">\n\t\t\t\t\t\t\t\t\t\t\t\t\t\n\t\t\t\t\t\t<h4 class=\"employee-name wow fadeInUp\">BERNARD LANGE<\/h4>\n\t\t\t\t\t\t\t\t\t\t\t\t\t<span class=\"employee-position wow fadeInUp\">Professeur - Responsable baby judo (psychomotricit\u00e9)<\/span>\n\t\t\t\t\t\t\t\t\t\t\t\t<div class=\"employee-desc wow fadeInUp\"><p>1er\u00a0DAN<br \/>\nMoniteur initiateur ADEPS<\/p>\n<\/div>\n\t\t\t\t\t\t\t\t\t\t\t<\/div>\n\t\t\t\t\t\t\t\t\t\t\t\t\t\t<div class=\"employee col-md-4 col-sm-6 col-xs-6\">\n\t\t\t\t\t\t\t\t\t\t\t\t\t\t\t\t\t\t\t\t\t<img decoding=\"async\" class=\"employee-photo wow zoomInDown\" src=\"https:\/\/www.judosakurabraine.be\/wp-content\/uploads\/2016\/05\/20160429_214047-e1462095343388.jpg\" alt=\"VANESSA DETISTE\">\n\t\t\t\t\t\t\t\t\t\t\t\t\t\n\t\t\t\t\t\t<h4 class=\"employee-name wow fadeInUp\">VANESSA DETISTE<\/h4>\n\t\t\t\t\t\t\t\t\t\t\t\t\t<span class=\"employee-position wow fadeInUp\">Professeur - Responsable baby judo (psychomotricit\u00e9)<\/span>\n\t\t\t\t\t\t\t\t\t\t\t\t<div class=\"employee-desc wow fadeInUp\"><p>1er\u00a0DAN<br \/>\nmoniteur initiateur\u00a0ADEPS<br \/>\nArbitre Provinciale<\/p>\n<\/div>\n\t\t\t\t\t\t\t\t\t\t\t\t\t<div class=\"employee-social wow fadeInUp\">\n\t\t\t\t\t\t\t\t\t\t\t\t\t\t\t\t\t<a href=\"https:\/\/www.facebook.com\/vdetiste\/\" target=\"_blank\"><i class=\"fa fa-facebook\"><\/i><\/a>\n\t\t\t\t\t\t\t\t\t\t\t\t\t\t\t\t\t\t\t\t\t\t\t\t\t<a href=\"https:\/\/twitter.com\/VDetiste\/\" target=\"_blank\"><i class=\"fa fa-twitter\"><\/i><\/a>\n\t\t\t\t\t\t\t\t\t\t\t\t\t\t\t\t\t\t\t\t\t\t\t\t\t\t\t\n\t\t\t\t\t\t\t\t\t\t\t\t\t\t\t\t\t<a href=\"https:\/\/www.linkedin.com\/in\/vandet\" target=\"_blank\"><i class=\"fa fa-linkedin\"><\/i><\/a>\n\t\t\t\t\t\t\t\t\t\t\t\t\t\t\t<\/div>\n\t\t\t\t\t\t\t\t\t\t\t<\/div>\n\t\t\t\t\t\t\t<\/div>\n\t\t\t\t\t\n\t\t<\/section>\n\t\t\t\t\n\t\t\n\t<\/div><div id=\"panel-58-0-0-2\" class=\"so-panel widget widget_moesia_employees moesia_employees_widget panel-last-child\" data-index=\"2\" >\n\t\t<section id=\"employees\" class=\"employees-area\">\n\t\t\t<div class=\"container\">\n\t\t\t\t<h3 class=\"widget-title\"><span class=\"wow bounce\">Assistants<\/span><\/h3>\t\t\t\t\t\t\t\t\t\t\t\t\t\t<div class=\"employee col-md-4 col-sm-6 col-xs-6\">\n\t\t\t\t\t\t\t\t\t\t\t\t\t\t\t\t\t\t\t\t\t<img decoding=\"async\" class=\"employee-photo wow zoomInDown\" src=\"https:\/\/www.judosakurabraine.be\/wp-content\/uploads\/2023\/11\/degrijse_cropped.jpg\" alt=\"VALERIE DEGRIJSE\">\n\t\t\t\t\t\t\t\t\t\t\t\t\t\n\t\t\t\t\t\t<h4 class=\"employee-name wow fadeInUp\">VALERIE DEGRIJSE<\/h4>\n\t\t\t\t\t\t\t\t\t\t\t\t\t<span class=\"employee-position wow fadeInUp\">Assistante<\/span>\n\t\t\t\t\t\t\t\t\t\t\t\t<div class=\"employee-desc wow fadeInUp\"><p>1er Dan<br \/>\nR\u00e9gente en \u00e9ducation physique<br \/>\nChampionne de Belgique<br \/>\nChampionne du Monde Universitaire<br \/>\nChampionne d\u2019Europe et du Monde Master<br \/>\nex-internationale.<\/p>\n<\/div>\n\t\t\t\t\t\t\t\t\t\t\t<\/div>\n\t\t\t\t\t\t\t\t\t\t\t\t\t\t<div class=\"employee col-md-4 col-sm-6 col-xs-6\">\n\t\t\t\t\t\t\t\t\t\t\t\t\t\t\t\t\t\t\t\t\t<img decoding=\"async\" class=\"employee-photo wow zoomInDown\" src=\"https:\/\/www.judosakurabraine.be\/wp-content\/uploads\/2023\/11\/bardaxcropped.jpg\" alt=\"FRANCIS BARDAX\">\n\t\t\t\t\t\t\t\t\t\t\t\t\t\n\t\t\t\t\t\t<h4 class=\"employee-name wow fadeInUp\">FRANCIS BARDAX<\/h4>\n\t\t\t\t\t\t\t\t\t\t\t\t\t<span class=\"employee-position wow fadeInUp\">Assistant<\/span>\n\t\t\t\t\t\t\t\t\t\t\t\t<div class=\"employee-desc wow fadeInUp\"><p>3\u00e8me Dan<br \/>\nMoniteur Adeps<br \/>\nPlusieurs titres de champion de Belgique<br \/>\nChampion d\u2019Europe Masters<br \/>\nPlusieurs r\u00e9sultats en championnat du Monde Masters<\/p>\n<\/div>\n\t\t\t\t\t\t\t\t\t\t\t<\/div>\n\t\t\t\t\t\t\t\t\t\t\t\t\t\t<div class=\"employee col-md-4 col-sm-6 col-xs-6\">\n\t\t\t\t\t\t\t\t\t\t\t\t\t\t\t\t\t\t\t\t\t<img decoding=\"async\" class=\"employee-photo wow zoomInDown\" src=\"http:\/\/www.judosakurabraine.be\/wp-content\/uploads\/2023\/11\/Yanis-scaled.jpg\" alt=\"YANIS BARDAXOGLOU\">\n\t\t\t\t\t\t\t\t\t\t\t\t\t\n\t\t\t\t\t\t<h4 class=\"employee-name wow fadeInUp\">YANIS BARDAXOGLOU<\/h4>\n\t\t\t\t\t\t\t\t\t\t\t\t\t<span class=\"employee-position wow fadeInUp\">Assistant<\/span>\n\t\t\t\t\t\t\t\t\t\t\t\t<div class=\"employee-desc wow fadeInUp\"><p>2\u00e8me Dan<br \/>\nMoniteur animateur ADEPS<\/p>\n<\/div>\n\t\t\t\t\t\t\t\t\t\t\t<\/div>\n\t\t\t\t\t\t\t\t\t\t\t\t\t\t<div class=\"employee col-md-4 col-sm-6 col-xs-6\">\n\t\t\t\t\t\t\t\t\t\t\t\t\t\t\t\t\t\t\t\t\t<img decoding=\"async\" class=\"employee-photo wow zoomInDown\" src=\"https:\/\/www.judosakurabraine.be\/wp-content\/uploads\/2016\/04\/bourguignon2023-scaled.jpg\" alt=\"MARC BOURGUIGNON\">\n\t\t\t\t\t\t\t\t\t\t\t\t\t\n\t\t\t\t\t\t<h4 class=\"employee-name wow fadeInUp\">MARC BOURGUIGNON<\/h4>\n\t\t\t\t\t\t\t\t\t\t\t\t\t<span class=\"employee-position wow fadeInUp\">Assistant<\/span>\n\t\t\t\t\t\t\t\t\t\t\t\t<div class=\"employee-desc wow fadeInUp\"><p>1er Dan<br \/>\nR\u00e9gent en \u00e9ducation physique<\/p>\n<\/div>\n\t\t\t\t\t\t\t\t\t\t\t<\/div>\n\t\t\t\t\t\t\t\t\t\t\t\t\t\t<div class=\"employee col-md-4 col-sm-6 col-xs-6\">\n\t\t\t\t\t\t\t\t\t\t\t\t\t\t\t\t\t\t\t\t\t<img decoding=\"async\" class=\"employee-photo wow zoomInDown\" src=\"https:\/\/www.judosakurabraine.be\/wp-content\/uploads\/2016\/04\/renecropped-1.jpg\" alt=\"RENE MEERT\">\n\t\t\t\t\t\t\t\t\t\t\t\t\t\n\t\t\t\t\t\t<h4 class=\"employee-name wow fadeInUp\">RENE MEERT<\/h4>\n\t\t\t\t\t\t\t\t\t\t\t\t\t<span class=\"employee-position wow fadeInUp\">Assistant<\/span>\n\t\t\t\t\t\t\t\t\t\t\t\t<div class=\"employee-desc wow fadeInUp\"><p>1<span style=\"font-size: 13.3333px;\">er<\/span>\u00a0Dan<br \/>\nMoniteur initiateur ADEPS<\/p>\n<\/div>\n\t\t\t\t\t\t\t\t\t\t\t<\/div>\n\t\t\t\t\t\t\t\t\t\t\t\t\t\t<div class=\"employee col-md-4 col-sm-6 col-xs-6\">\n\t\t\t\t\t\t\t\t\t\t\t\t\t\t\t\t\t\t\t\t\t<img decoding=\"async\" class=\"employee-photo wow zoomInDown\" src=\"http:\/\/www.judosakurabraine.be\/wp-content\/uploads\/2023\/09\/20230830_200134-scaled.jpg\" alt=\"ANTHONY SAUBLEN\">\n\t\t\t\t\t\t\t\t\t\t\t\t\t\n\t\t\t\t\t\t<h4 class=\"employee-name wow fadeInUp\">ANTHONY SAUBLEN<\/h4>\n\t\t\t\t\t\t\t\t\t\t\t\t\t<span class=\"employee-position wow fadeInUp\">Assistant<\/span>\n\t\t\t\t\t\t\t\t\t\t\t\t<div class=\"employee-desc wow fadeInUp\"><p>1er DAN<br \/>\nMoniteur animateur ADEPS<\/p>\n<\/div>\n\t\t\t\t\t\t\t\t\t\t\t<\/div>\n\t\t\t\t\t\t\t\t\t\t\t\t\t\t<div class=\"employee col-md-4 col-sm-6 col-xs-6\">\n\t\t\t\t\t\t\t\t\t\t\t\t\t\t\t\t\t\t\t\t\t<img decoding=\"async\" class=\"employee-photo wow zoomInDown\" src=\"http:\/\/www.judosakurabraine.be\/wp-content\/uploads\/2023\/09\/20230830_200045-scaled.jpg\" alt=\"ETIENNE DHINAUT\">\n\t\t\t\t\t\t\t\t\t\t\t\t\t\n\t\t\t\t\t\t<h4 class=\"employee-name wow fadeInUp\">ETIENNE DHINAUT<\/h4>\n\t\t\t\t\t\t\t\t\t\t\t\t\t<span class=\"employee-position wow fadeInUp\">Assistant<\/span>\n\t\t\t\t\t\t\t\t\t\t\t\t<div class=\"employee-desc wow fadeInUp\"><p>1er Dan<br \/>\nArbitre provincial<\/p>\n<\/div>\n\t\t\t\t\t\t\t\t\t\t\t<\/div>\n\t\t\t\t\t\t\t\t\t\t\t\t\t\t<div class=\"employee col-md-4 col-sm-6 col-xs-6\">\n\t\t\t\t\t\t\t\t\t\t\t\t\t\t\t\t\t\t\t\t\t<img decoding=\"async\" class=\"employee-photo wow zoomInDown\" src=\"http:\/\/www.judosakurabraine.be\/wp-content\/uploads\/2023\/09\/20230830_200033-scaled.jpg\" alt=\"MICHAEL DEPOORTER\">\n\t\t\t\t\t\t\t\t\t\t\t\t\t\n\t\t\t\t\t\t<h4 class=\"employee-name wow fadeInUp\">MICHAEL DEPOORTER<\/h4>\n\t\t\t\t\t\t\t\t\t\t\t\t\t<span class=\"employee-position wow fadeInUp\">Assistant<\/span>\n\t\t\t\t\t\t\t\t\t\t\t\t<div class=\"employee-desc wow fadeInUp\"><p>1er Dan<\/p>\n<p>&nbsp;<\/p>\n<\/div>\n\t\t\t\t\t\t\t\t\t\t\t<\/div>\n\t\t\t\t\t\t\t<\/div>\n\t\t\t\t\t\n\t\t<\/section>\n\t\t\t\t\n\t\t\n\t<\/div><\/div><\/div><\/div>","protected":false},"excerpt":{"rendered":"","protected":false},"author":2,"featured_media":0,"parent":0,"menu_order":0,"comment_status":"closed","ping_status":"closed","template":"page_fullwidth.php","meta":{"footnotes":""},"class_list":["post-58","page","type-page","status-publish","hentry"],"_links":{"self":[{"href":"https:\/\/www.judosakurabraine.be\/index.php\/wp-json\/wp\/v2\/pages\/58","targetHints":{"allow":["GET"]}}],"collection":[{"href":"https:\/\/www.judosakurabraine.be\/index.php\/wp-json\/wp\/v2\/pages"}],"about":[{"href":"https:\/\/www.judosakurabraine.be\/index.php\/wp-json\/wp\/v2\/types\/page"}],"author":[{"embeddable":true,"href":"https:\/\/www.judosakurabraine.be\/index.php\/wp-json\/wp\/v2\/users\/2"}],"replies":[{"embeddable":true,"href":"https:\/\/www.judosakurabraine.be\/index.php\/wp-json\/wp\/v2\/comments?post=58"}],"version-history":[{"count":62,"href":"https:\/\/www.judosakurabraine.be\/index.php\/wp-json\/wp\/v2\/pages\/58\/revisions"}],"predecessor-version":[{"id":901,"href":"https:\/\/www.judosakurabraine.be\/index.php\/wp-json\/wp\/v2\/pages\/58\/revisions\/901"}],"wp:attachment":[{"href":"https:\/\/www.judosakurabraine.be\/index.php\/wp-json\/wp\/v2\/media?parent=58"}],"curies":[{"name":"wp","href":"https:\/\/api.w.org\/{rel}","templated":true}]}}